{"id":807,"date":"2026-03-30T14:41:13","date_gmt":"2026-03-30T14:41:13","guid":{"rendered":"https:\/\/bertifolia.hu\/?page_id=807"},"modified":"2026-04-01T13:40:30","modified_gmt":"2026-04-01T13:40:30","slug":"adatkezelesi","status":"publish","type":"page","link":"https:\/\/bertifolia.hu\/en\/adatkezelesi\/","title":{"rendered":"Data management"},"content":{"rendered":"<div data-elementor-type=\"wp-page\" data-elementor-id=\"807\" class=\"elementor elementor-807\" data-elementor-post-type=\"page\">\n\t\t\t\t<div class=\"elementor-element elementor-element-3f2eb18 e-flex e-con-boxed e-con e-parent\" data-id=\"3f2eb18\" data-element_type=\"container\" data-e-type=\"container\">\n\t\t\t\t\t<div class=\"e-con-inner\">\n\t\t\t\t<div class=\"elementor-element elementor-element-f81e0fb elementor-widget elementor-widget-text-editor\" data-id=\"f81e0fb\" data-element_type=\"widget\" data-e-type=\"widget\" data-widget_type=\"text-editor.default\">\n\t\t\t\t<div class=\"elementor-widget-container\">\n\t\t\t\t\t\t\t\t\t<h2>PRIVACY AND COOKIE NOTICE<\/h2><p>\u00a0<\/p><p>Effective: March 2026<\/p><p>Website:\u00a0<a href=\"https:\/\/bertifolia.hu\/en\/\" target=\"_blank\" rel=\"noopener\" data-saferedirecturl=\"https:\/\/www.google.com\/url?q=https:\/\/bertifolia.hu&amp;source=gmail&amp;ust=1775136896228000&amp;usg=AOvVaw3LGg34VNEEF5gIfv_9-sW7\">https:\/\/bertifolia.hu<\/a><\/p><p>\u00a0<\/p><h2 dir=\"auto\">1. Data controller's data<\/h2><p>\u00a0<\/p><p>Data Controller Name: Ol\u00e1h-Selever Bertalan (Berti F\u00f3lia)<\/p><p>Registered office: 2060 Bicske, Kisfaludy utca 24.<\/p><p>Postal address: 2060 Bicske, Kisfaludy utca 24.<\/p><p>Tax number: 68534594-1-27<\/p><p>Phone number: +36 70 628 0036<\/p><p dir=\"auto\">E-mail:\u00a0<a href=\"mailto:info@bertifolia.com\" target=\"_blank\" rel=\"noopener\">info@bertifolia.com<\/a><\/p><p>The data controller is responsible for the processing of personal data collected through the website.<\/p><p>\u00a0<\/p><h2 dir=\"auto\">2. Purpose of the prospectus<\/h2><p>\u00a0<\/p><p>The purpose of this notice is to inform visitors to this website:<\/p><p>\u00a0<\/p><ul><li><p>what data we process<\/p><\/li><li><p>the purposes for which they are processed<\/p><\/li><li><p>the legal basis for the processing<\/p><\/li><li><p>how long we keep the data<\/p><\/li><li><p>what rights the data subjects have<\/p><\/li><\/ul><p>\u00a0<\/p><p>The data controller shall act in accordance with the GDPR (EU Regulation 2016\/679) and the applicable Hungarian legislation.<\/p><p>\u00a0<\/p><h2 dir=\"auto\">3. Scope of personal data processed<\/h2><p>\u00a0<\/p><p>When you contact us on the website (form, email, social media), we process the following data:<\/p><p>\u00a0<\/p><ul><li><p>Name<\/p><\/li><li><p>e-mail address<\/p><\/li><li><p>phone number<\/p><\/li><li><p>service of your choice<\/p><\/li><li><p>type of car<\/p><\/li><li><p>information provided in the message<\/p><\/li><li><p>other data provided voluntarily<\/p><\/li><\/ul><p>\u00a0<\/p><p>\u00a0<\/p><h2 dir=\"auto\">4. Purpose and legal basis for processing<\/h2><p>\u00a0<\/p><p>\u00a0<\/p><h3>Contacting and making an offer<\/h3><p>\u00a0<\/p><p>Purpose of processing:<\/p><p>\u00a0<\/p><ul><li><p>contact<\/p><\/li><li><p>bidding<\/p><\/li><li><p>making an appointment<\/p><\/li><li><p>customer communication<\/p><\/li><\/ul><p>\u00a0<\/p><p>Legal basis:<\/p><p>\u00a0<\/p><ul><li><p>GDPR Article 6(1)(b) - Pre-contractual steps<\/p><\/li><li><p>Article 6(1)(a) GDPR - consent of the data subject (in the absence of a contract)<\/p><\/li><\/ul><p>\u00a0<\/p><p>\u00a0<\/p><h2 dir=\"auto\">5. Data retention period<\/h2><p>\u00a0<\/p><p>The data:<\/p><p>\u00a0<\/p><ul><li><p>for a maximum of 12 months, or<\/p><\/li><li><p>in the case of a contract, for a period specified by law, or<\/p><\/li><li><p>in the case of a legal claim, until it is enforced<\/p><\/li><\/ul><p>\u00a0<\/p><p>keep it.<\/p><p>\u00a0<\/p><h2 dir=\"auto\">6. Data processors<\/h2><p>\u00a0<\/p><p>\u00a0<\/p><h3>Hosting<\/h3><p>\u00a0<\/p><p>Name: sybell Informatika Kft.<\/p><p>Head office: 1138 Budapest, Tomori utca 34.<\/p><p>Company registration number: 01-09-293034<\/p><p>Tax number: 25859502-2-41<\/p><p>E-mail:\u00a0<a href=\"mailto:hello@sybell.hu\" target=\"_blank\" rel=\"noopener\">hello@sybell.hu<\/a><\/p><p>The service provider will provide the hosting necessary for the website to function.<\/p><p>\u00a0<\/p><h2 dir=\"auto\">7. External services and social media<\/h2><p>\u00a0<\/p><p>The following services may appear or be available on the website:<\/p><p>\u00a0<\/p><ul><li><p>Facebook<\/p><\/li><li><p>Instagram<\/p><\/li><li><p>TikTok<\/p><\/li><li><p>YouTube<\/p><\/li><\/ul><p>\u00a0<\/p><p>The privacy policies of these service providers apply.<\/p><p>\u00a0<\/p><h2 dir=\"auto\">8. Rights of data subjects<\/h2><p>\u00a0<\/p><p>The person concerned is entitled to:<\/p><p>\u00a0<\/p><ul><li><p>request information<\/p><\/li><li><p>request access<\/p><\/li><li><p>request a correction<\/p><\/li><li><p>request cancellation<\/p><\/li><li><p>request restriction of processing<\/p><\/li><li><p>to protest<\/p><\/li><li><p>request data portability<\/p><\/li><\/ul><p>\u00a0<\/p><p>Contact:\u00a0<a href=\"mailto:info@bertifolia.com\" target=\"_blank\" rel=\"noopener\">info@bertifolia.com<\/a><\/p><p>\u00a0<\/p><h2 dir=\"auto\">9. Remedies<\/h2><p>\u00a0<\/p><p>National Authority for Data Protection and Freedom of Information (NAIH)<\/p><p>1055 Budapest, Falk Miksa utca 9-11.<\/p><p><a href=\"https:\/\/naih.hu\/\" target=\"_blank\" rel=\"noopener\" data-saferedirecturl=\"https:\/\/www.google.com\/url?q=https:\/\/naih.hu&amp;source=gmail&amp;ust=1775136896229000&amp;usg=AOvVaw11ispzUY98oXvUvZIuhHZd\">https:\/\/naih.hu<\/a><\/p><p>You can also take the matter to court.<\/p><p>\u00a0<\/p><h2 dir=\"auto\">10. Data security<\/h2><p>\u00a0<\/p><p>The controller shall take all necessary technical and organisational measures to protect the data.<\/p><p>\u00a0<\/p><h1 dir=\"auto\">COOKIE INFORMATION<\/h1><p>\u00a0<\/p><p>\u00a0<\/p><h2>1. What are cookies?<\/h2><p>\u00a0<\/p><p>Cookies are small data files that the website places on the visitor's device to ensure functionality and improve the user experience.<\/p><p>\u00a0<\/p><h2 dir=\"auto\">2. Types of cookies used<\/h2><p>\u00a0<\/p><p>\u00a0<\/p><h3>Required cookies<\/h3><p>\u00a0<\/p><p>They are essential for the functioning of the website.<\/p><p>\u00a0<\/p><h3 dir=\"auto\">Statistical cookies<\/h3><p>\u00a0<\/p><p>(e.g. Google Analytics)<\/p><p>They are used to analyse visitor behaviour.<\/p><p>They are activated only after the user has given his consent.<\/p><p>\u00a0<\/p><h3 dir=\"auto\">Marketing cookies<\/h3><p>\u00a0<\/p><p>(e.g. Facebook, TikTok)<\/p><p>They can be used to measure the effectiveness of advertising and for remarketing.<\/p><p>\u00a0<\/p><h3 dir=\"auto\">External media cookies<\/h3><p>\u00a0<\/p><p>(e.g. for YouTube videos)<\/p><p>\u00a0<\/p><h2 dir=\"auto\">3. Cookie consent management<\/h2><p>\u00a0<\/p><p>The visitor can opt-out of the use of cookies by clicking on the cookie banner.<\/p><p>The contribution:<\/p><p>\u00a0<\/p><ul><li><p>can be modified at any time<\/p><\/li><li><p>Retrievable from<\/p><\/li><\/ul><p>\u00a0<\/p><p dir=\"auto\">Unnecessary cookies are only activated after the user has given his\/her consent.<\/p>\t\t\t\t\t\t\t\t<\/div>\n\t\t\t\t<\/div>\n\t\t\t\t\t<\/div>\n\t\t\t\t<\/div>\n\t\t\t\t<\/div>","protected":false},"excerpt":{"rendered":"<p>ADATKEZEL\u00c9SI \u00c9S COOKIE T\u00c1J\u00c9KOZTAT\u00d3 \u00a0 Hat\u00e1lyos: 2026. m\u00e1rcius Weboldal:\u00a0https:\/\/bertifolia.hu \u00a0 1. Az adatkezel\u0151 adatai \u00a0 Adatkezel\u0151 neve: Ol\u00e1h-Selever Bertalan (Berti F\u00f3lia) Sz\u00e9khely: 2060 Bicske, Kisfaludy utca 24. Levelez\u00e9si c\u00edm: 2060 Bicske, Kisfaludy utca 24. Ad\u00f3sz\u00e1m: 68534594-1-27 Telefonsz\u00e1m: +36 70 628 0036 E-mail:\u00a0info@bertifolia.com Az adatkezel\u0151 felel\u0151s a weboldalon kereszt\u00fcl gy\u0171jt\u00f6tt szem\u00e9lyes adatok kezel\u00e9s\u00e9\u00e9rt. \u00a0 2. A [&hellip;]<\/p>\n","protected":false},"author":1,"featured_media":0,"parent":0,"menu_order":0,"comment_status":"closed","ping_status":"closed","template":"","meta":{"footnotes":""},"class_list":["post-807","page","type-page","status-publish","hentry"],"yoast_head":"<!-- This site is optimized with the Yoast SEO plugin v27.3 - https:\/\/yoast.com\/product\/yoast-seo-wordpress\/ -->\n<title>Adatkezel\u00e9si - bertifolia.hu<\/title>\n<meta name=\"robots\" content=\"index, follow, max-snippet:-1, max-image-preview:large, max-video-preview:-1\" \/>\n<link rel=\"canonical\" href=\"https:\/\/bertifolia.hu\/en\/adatkezelesi\/\" \/>\n<meta property=\"og:locale\" content=\"en_US\" \/>\n<meta property=\"og:type\" content=\"article\" \/>\n<meta property=\"og:title\" content=\"Adatkezel\u00e9si - bertifolia.hu\" \/>\n<meta property=\"og:description\" content=\"ADATKEZEL\u00c9SI \u00c9S COOKIE T\u00c1J\u00c9KOZTAT\u00d3 \u00a0 Hat\u00e1lyos: 2026. m\u00e1rcius Weboldal:\u00a0https:\/\/bertifolia.hu \u00a0 1. Az adatkezel\u0151 adatai \u00a0 Adatkezel\u0151 neve: Ol\u00e1h-Selever Bertalan (Berti F\u00f3lia) Sz\u00e9khely: 2060 Bicske, Kisfaludy utca 24. Levelez\u00e9si c\u00edm: 2060 Bicske, Kisfaludy utca 24. Ad\u00f3sz\u00e1m: 68534594-1-27 Telefonsz\u00e1m: +36 70 628 0036 E-mail:\u00a0info@bertifolia.com Az adatkezel\u0151 felel\u0151s a weboldalon kereszt\u00fcl gy\u0171jt\u00f6tt szem\u00e9lyes adatok kezel\u00e9s\u00e9\u00e9rt. \u00a0 2. A [&hellip;]\" \/>\n<meta property=\"og:url\" content=\"https:\/\/bertifolia.hu\/en\/adatkezelesi\/\" \/>\n<meta property=\"og:site_name\" content=\"bertifolia.hu\" \/>\n<meta property=\"article:modified_time\" content=\"2026-04-01T13:40:30+00:00\" \/>\n<meta name=\"twitter:card\" content=\"summary_large_image\" \/>\n<meta name=\"twitter:label1\" content=\"Est. reading time\" \/>\n\t<meta name=\"twitter:data1\" content=\"3 minutes\" \/>\n<script type=\"application\/ld+json\" class=\"yoast-schema-graph\">{\"@context\":\"https:\\\/\\\/schema.org\",\"@graph\":[{\"@type\":\"WebPage\",\"@id\":\"https:\\\/\\\/bertifolia.hu\\\/adatkezelesi\\\/\",\"url\":\"https:\\\/\\\/bertifolia.hu\\\/adatkezelesi\\\/\",\"name\":\"Adatkezel\u00e9si - bertifolia.hu\",\"isPartOf\":{\"@id\":\"https:\\\/\\\/bertifolia.hu\\\/#website\"},\"datePublished\":\"2026-03-30T14:41:13+00:00\",\"dateModified\":\"2026-04-01T13:40:30+00:00\",\"breadcrumb\":{\"@id\":\"https:\\\/\\\/bertifolia.hu\\\/adatkezelesi\\\/#breadcrumb\"},\"inLanguage\":\"en-US\",\"potentialAction\":[{\"@type\":\"ReadAction\",\"target\":[\"https:\\\/\\\/bertifolia.hu\\\/adatkezelesi\\\/\"]}]},{\"@type\":\"BreadcrumbList\",\"@id\":\"https:\\\/\\\/bertifolia.hu\\\/adatkezelesi\\\/#breadcrumb\",\"itemListElement\":[{\"@type\":\"ListItem\",\"position\":1,\"name\":\"Home\",\"item\":\"https:\\\/\\\/bertifolia.hu\\\/\"},{\"@type\":\"ListItem\",\"position\":2,\"name\":\"Adatkezel\u00e9si\"}]},{\"@type\":\"WebSite\",\"@id\":\"https:\\\/\\\/bertifolia.hu\\\/#website\",\"url\":\"https:\\\/\\\/bertifolia.hu\\\/\",\"name\":\"bertifolia.hu\",\"description\":\"\",\"potentialAction\":[{\"@type\":\"SearchAction\",\"target\":{\"@type\":\"EntryPoint\",\"urlTemplate\":\"https:\\\/\\\/bertifolia.hu\\\/?s={search_term_string}\"},\"query-input\":{\"@type\":\"PropertyValueSpecification\",\"valueRequired\":true,\"valueName\":\"search_term_string\"}}],\"inLanguage\":\"en-US\"}]}<\/script>\n<!-- \/ Yoast SEO plugin. -->","yoast_head_json":{"title":"Adatkezel\u00e9si - bertifolia.hu","robots":{"index":"index","follow":"follow","max-snippet":"max-snippet:-1","max-image-preview":"max-image-preview:large","max-video-preview":"max-video-preview:-1"},"canonical":"https:\/\/bertifolia.hu\/en\/adatkezelesi\/","og_locale":"en_US","og_type":"article","og_title":"Adatkezel\u00e9si - bertifolia.hu","og_description":"ADATKEZEL\u00c9SI \u00c9S COOKIE T\u00c1J\u00c9KOZTAT\u00d3 \u00a0 Hat\u00e1lyos: 2026. m\u00e1rcius Weboldal:\u00a0https:\/\/bertifolia.hu \u00a0 1. Az adatkezel\u0151 adatai \u00a0 Adatkezel\u0151 neve: Ol\u00e1h-Selever Bertalan (Berti F\u00f3lia) Sz\u00e9khely: 2060 Bicske, Kisfaludy utca 24. Levelez\u00e9si c\u00edm: 2060 Bicske, Kisfaludy utca 24. Ad\u00f3sz\u00e1m: 68534594-1-27 Telefonsz\u00e1m: +36 70 628 0036 E-mail:\u00a0info@bertifolia.com Az adatkezel\u0151 felel\u0151s a weboldalon kereszt\u00fcl gy\u0171jt\u00f6tt szem\u00e9lyes adatok kezel\u00e9s\u00e9\u00e9rt. \u00a0 2. A [&hellip;]","og_url":"https:\/\/bertifolia.hu\/en\/adatkezelesi\/","og_site_name":"bertifolia.hu","article_modified_time":"2026-04-01T13:40:30+00:00","twitter_card":"summary_large_image","twitter_misc":{"Est. reading time":"3 minutes"},"schema":{"@context":"https:\/\/schema.org","@graph":[{"@type":"WebPage","@id":"https:\/\/bertifolia.hu\/adatkezelesi\/","url":"https:\/\/bertifolia.hu\/adatkezelesi\/","name":"Adatkezel\u00e9si - bertifolia.hu","isPartOf":{"@id":"https:\/\/bertifolia.hu\/#website"},"datePublished":"2026-03-30T14:41:13+00:00","dateModified":"2026-04-01T13:40:30+00:00","breadcrumb":{"@id":"https:\/\/bertifolia.hu\/adatkezelesi\/#breadcrumb"},"inLanguage":"en-US","potentialAction":[{"@type":"ReadAction","target":["https:\/\/bertifolia.hu\/adatkezelesi\/"]}]},{"@type":"BreadcrumbList","@id":"https:\/\/bertifolia.hu\/adatkezelesi\/#breadcrumb","itemListElement":[{"@type":"ListItem","position":1,"name":"Home","item":"https:\/\/bertifolia.hu\/"},{"@type":"ListItem","position":2,"name":"Adatkezel\u00e9si"}]},{"@type":"WebSite","@id":"https:\/\/bertifolia.hu\/#website","url":"https:\/\/bertifolia.hu\/","name":"bertifolia.hu","description":"","potentialAction":[{"@type":"SearchAction","target":{"@type":"EntryPoint","urlTemplate":"https:\/\/bertifolia.hu\/?s={search_term_string}"},"query-input":{"@type":"PropertyValueSpecification","valueRequired":true,"valueName":"search_term_string"}}],"inLanguage":"en-US"}]}},"_links":{"self":[{"href":"https:\/\/bertifolia.hu\/en\/wp-json\/wp\/v2\/pages\/807","targetHints":{"allow":["GET"]}}],"collection":[{"href":"https:\/\/bertifolia.hu\/en\/wp-json\/wp\/v2\/pages"}],"about":[{"href":"https:\/\/bertifolia.hu\/en\/wp-json\/wp\/v2\/types\/page"}],"author":[{"embeddable":true,"href":"https:\/\/bertifolia.hu\/en\/wp-json\/wp\/v2\/users\/1"}],"replies":[{"embeddable":true,"href":"https:\/\/bertifolia.hu\/en\/wp-json\/wp\/v2\/comments?post=807"}],"version-history":[{"count":19,"href":"https:\/\/bertifolia.hu\/en\/wp-json\/wp\/v2\/pages\/807\/revisions"}],"predecessor-version":[{"id":880,"href":"https:\/\/bertifolia.hu\/en\/wp-json\/wp\/v2\/pages\/807\/revisions\/880"}],"wp:attachment":[{"href":"https:\/\/bertifolia.hu\/en\/wp-json\/wp\/v2\/media?parent=807"}],"curies":[{"name":"wp","href":"https:\/\/api.w.org\/{rel}","templated":true}]}}